{"id":11,"date":"2025-11-06T11:45:29","date_gmt":"2025-11-06T11:45:29","guid":{"rendered":"http:\/\/oeyrwen.cluster121.hosting.ovh.net\/?page_id=11"},"modified":"2025-11-06T12:37:27","modified_gmt":"2025-11-06T12:37:27","slug":"reembolso_devoluciones","status":"publish","type":"page","link":"https:\/\/www.spiga.es\/index.php\/reembolso_devoluciones\/","title":{"rendered":"Pol\u00edtica de devoluciones y reembolsos"},"content":{"rendered":"\t\t<div data-elementor-type=\"wp-page\" data-elementor-id=\"11\" class=\"elementor elementor-11\">\n\t\t\t\t<div class=\"elementor-element elementor-element-713ea31c e-flex e-con-boxed e-con e-parent\" data-id=\"713ea31c\" data-element_type=\"container\">\n\t\t\t\t\t<div class=\"e-con-inner\">\n\t\t\t\t<div class=\"elementor-element elementor-element-2914f881 elementor-widget elementor-widget-text-editor\" data-id=\"2914f881\" data-element_type=\"widget\" data-widget_type=\"text-editor.default\">\n\t\t\t\t\t\t\t\t\t\n<p>Agradecemos su apoyo a nuestra panader\u00eda artesanal SPIGA MICROPANADER\u00cdA. Estamos comprometidos con ofrecer productos de alta calidad y frescura, elaborados artesanalmente con los mejores ingredientes.<\/p>\n<p>Entendemos la importancia de la satisfacci\u00f3n del cliente y nos esforzamos constantemente por alcanzar los m\u00e1s altos est\u00e1ndares de producci\u00f3n y servicio. Sin embargo, es vital destacar nuestra pol\u00edtica de devoluciones debido a la naturaleza de nuestros productos.<\/p>\n<p><strong>No se aceptan devoluciones<\/strong><\/p>\n<p>Dado que nuestros productos son perecederos y est\u00e1n dise\u00f1ados para ser consumidos de manera inmediata o en un corto plazo, no aceptamos devoluciones. Esta pol\u00edtica es esencial para garantizar la frescura y calidad de nuestros productos, as\u00ed como para cumplir con las normativas sanitarias y de seguridad alimentaria.<\/p>\n<p>Si experimenta alg\u00fan problema con su pedido, tiene 24 horas desde la recepci\u00f3n del mismo para informar a trav\u00e9s del correo electr\u00f3nico <a href=\"mailto:info@spiga.es\">info@spiga.es<\/a>. Nos pondremos en contacto con usted para resolver la situaci\u00f3n de la mejor manera posible.<\/p>\n<p><strong>Resoluci\u00f3n de problemas<\/strong><\/p>\n<p>Si por alguna raz\u00f3n no est\u00e1 satisfecho con su compra, le instamos a contactarnos lo antes posible en <a href=\"mailto:info@spiga.es\">info@spiga.es<\/a>. Nos comprometemos con la satisfacci\u00f3n de nuestros clientes y haremos todo lo posible para resolver cualquier inconveniente que surja.<\/p>\n<p>En el caso de que el problema se deba a un error de nuestra parte, asumiremos la responsabilidad adecuada para rectificar la situaci\u00f3n. Esto puede incluir ofrecer un producto de reemplazo o un descuento en su pr\u00f3xima compra, dependiendo de las circunstancias espec\u00edficas.<\/p>\n<p>Valoramos su comprensi\u00f3n y apoyo a nuestra pol\u00edtica de no devoluciones. Nos esforzamos por seguir ofreci\u00e9ndole productos horneados deliciosos y de la m\u00e1s alta calidad. Gracias por elegir a SPIGA MICROPANADER\u00cdA, su panader\u00eda artesanal de confianza.<\/p>\n\t\t\t\t\t\t\t\t<\/div>\n\t\t\t\t\t<\/div>\n\t\t\t\t<\/div>\n\t\t\t\t<\/div>\n\t\t","protected":false},"excerpt":{"rendered":"<p>Agradecemos su apoyo a nuestra panader\u00eda artesanal SPIGA MICROPANADER\u00cdA. Estamos comprometidos con ofrecer productos de alta calidad y frescura, elaborados artesanalmente con los mejores ingredientes. Entendemos la importancia de la satisfacci\u00f3n del cliente y nos esforzamos constantemente por alcanzar los m\u00e1s altos est\u00e1ndares de producci\u00f3n y servicio. Sin embargo, es vital destacar nuestra pol\u00edtica de [&hellip;]<\/p>\n","protected":false},"author":1,"featured_media":0,"parent":0,"menu_order":0,"comment_status":"closed","ping_status":"closed","template":"","meta":{"footnotes":""},"class_list":["post-11","page","type-page","status-publish","hentry"],"blocksy_meta":[],"jetpack_sharing_enabled":true,"_links":{"self":[{"href":"https:\/\/www.spiga.es\/index.php\/wp-json\/wp\/v2\/pages\/11","targetHints":{"allow":["GET"]}}],"collection":[{"href":"https:\/\/www.spiga.es\/index.php\/wp-json\/wp\/v2\/pages"}],"about":[{"href":"https:\/\/www.spiga.es\/index.php\/wp-json\/wp\/v2\/types\/page"}],"author":[{"embeddable":true,"href":"https:\/\/www.spiga.es\/index.php\/wp-json\/wp\/v2\/users\/1"}],"replies":[{"embeddable":true,"href":"https:\/\/www.spiga.es\/index.php\/wp-json\/wp\/v2\/comments?post=11"}],"version-history":[{"count":0,"href":"https:\/\/www.spiga.es\/index.php\/wp-json\/wp\/v2\/pages\/11\/revisions"}],"wp:attachment":[{"href":"https:\/\/www.spiga.es\/index.php\/wp-json\/wp\/v2\/media?parent=11"}],"curies":[{"name":"wp","href":"https:\/\/api.w.org\/{rel}","templated":true}]}}