{"id":281,"date":"2025-11-06T12:47:09","date_gmt":"2025-11-06T12:47:09","guid":{"rendered":"http:\/\/oeyrwen.cluster121.hosting.ovh.net\/?page_id=281"},"modified":"2025-11-06T12:47:41","modified_gmt":"2025-11-06T12:47:41","slug":"condiciones-generales","status":"publish","type":"page","link":"https:\/\/www.spiga.es\/index.php\/condiciones-generales\/","title":{"rendered":"Condiciones generales"},"content":{"rendered":"\t\t<div data-elementor-type=\"wp-page\" data-elementor-id=\"281\" class=\"elementor elementor-281\">\n\t\t\t\t<div class=\"elementor-element elementor-element-e9c83eb e-flex e-con-boxed e-con e-parent\" data-id=\"e9c83eb\" data-element_type=\"container\">\n\t\t\t\t\t<div class=\"e-con-inner\">\n\t\t\t\t<div class=\"elementor-element elementor-element-c4e5ed1 elementor-widget elementor-widget-text-editor\" data-id=\"c4e5ed1\" data-element_type=\"widget\" data-widget_type=\"text-editor.default\">\n\t\t\t\t\t\t\t\t\t<p><strong>1\u00ba.- Marco Legal:<\/strong><\/p><p>En cumplimiento de la normativa vigente, la entidad <strong>Mar\u00eda Teresa Garc\u00eda Ram\u00edrez<\/strong>, que opera a trav\u00e9s de internet desde el presente sitio web <a href=\"http:\/\/www.spiga.es\/\">WWW.SPIGA.ES<\/a>, se detallan a continuaci\u00f3n las condiciones generales de contrataci\u00f3n de los productos y\/o servicios ofertados a trav\u00e9s del mismo y de los que se generan los derechos y obligaciones de las partes.<\/p><p><strong>2\u00ba.- Identificaci\u00f3n:<\/strong><\/p><p>Las presentes Condiciones Generales de Contrataci\u00f3n (en adelante &#8220;Condiciones&#8221;) tienen por funci\u00f3n regular la relaci\u00f3n entre <strong>Mar\u00eda Teresa Garc\u00eda Ram\u00edrez<\/strong> (en adelante, el &#8220;Prestador&#8221;), con nombre comercial <strong>Spiga Micropanader\u00eda<\/strong>, y los clientes (en adelante el &#8220;Usuario&#8221;), relativas a todas las transacciones realizadas a trav\u00e9s de la web de la tienda online.<\/p><p><strong><em>2\u00ba.1.- Empresa Oferente:<\/em><\/strong><\/p><p><strong>RAZ\u00d3N SOCIAL<\/strong>: Mar\u00eda Teresa Garc\u00eda Ram\u00edrez<br \/><strong>NOMBRE COMERCIAL<\/strong>: Spiga Micropanader\u00eda<br \/><strong>DNI<\/strong>: 47165112R<br \/><strong>DOMICILIO FISCAL<\/strong>: Barriada Cronista Manuel Morales, Bloque 4 &#8211; 2\u00ba Derecha &#8211; 41710 \u00b7 Utrera (Sevilla)<br \/><strong>TEL\u00c9FONO<\/strong>: 613 06 83 46<br \/><strong>CORREO ELECTR\u00d3NICO<\/strong>: <a href=\"mailto:info@spiga.es\">info@spiga.es<\/a><\/p><p>Y, de otra parte:<\/p><p><strong><em>2\u00ba.2.- El Usuario:<\/em><\/strong><\/p><p>Se entender\u00e1 por usuario o cliente el internauta que adquiere esa condici\u00f3n, mediante su registro en el sitio web, utilizando para ello un formulario y al que se le asignan unas claves de usuario y contrase\u00f1a, sobre los que tiene responsabilidad plena de uso y custodia, siendo responsable de la veracidad de los datos personales facilitados al prestador, como veremos en el apartado de Registro de Usuarios.<\/p><p><strong>3\u00ba.- Aceptaci\u00f3n:<\/strong> Mediante la aceptaci\u00f3n de las presentes Condiciones, el Usuario declara:<\/p><ul><li>Que es una persona con capacidad para contratar seg\u00fan la normativa vigente.<\/li><li>Que ha le\u00eddo y acepta las presentes Condiciones.<\/li><\/ul><p><strong>4\u00ba.- Disponibilidad:<\/strong><\/p><p>El Usuario tendr\u00e1 acceso siempre y en todo caso, con car\u00e1cter previo al inicio del procedimiento de contrataci\u00f3n de productos, a las condiciones, pudiendo ser almacenadas y\/o reproducidas en un soporte duradero.<\/p><p><strong>5\u00ba.- Validez o Duraci\u00f3n:<\/strong><\/p><p>El periodo de validez o duraci\u00f3n de las presentes Condiciones y condiciones particulares de contrataci\u00f3n ser\u00e1 el tiempo que las mismas permanezcan publicadas en el sitio web mencionado y resultar\u00e1n de aplicaci\u00f3n desde el momento en que el Usuario haga uso del sitio web, y\/o proceda a la contrataci\u00f3n de cualesquier productos.<\/p><p><strong>6\u00ba.- Modificaciones: <\/strong><\/p><p>El prestador se reserva el derecho de modificar unilateralmente dichas Condiciones, sin que ello pueda afectar a los bienes o promociones adquiridos antes a la modificaci\u00f3n del Usuario.<\/p><p>El Usuario se compromete a leer atentamente las condiciones de contrataci\u00f3n, cada vez que proceda a la contrataci\u00f3n de alg\u00fan producto dado que los mismos han podido ser objeto de modificaci\u00f3n desde la \u00faltima vez que accedi\u00f3.<\/p><p><strong>7\u00ba.- Nulidad:<\/strong><\/p><p>Si cualquier cl\u00e1usula incluida en estas Condiciones se declarase nula o ineficaz, tal nulidad afectar\u00e1 solo a dicha disposici\u00f3n o parte de esta que resulte nula o ineficaz, subsistiendo en todo lo dem\u00e1s las Condiciones.<\/p><p><strong>8\u00ba.- Objeto del contrato:<\/strong><\/p><p>Este contrato tiene por objeto regular la relaci\u00f3n contractual de compraventa nacida entre el prestador y el usuario cuando este acepta la compra durante el proceso de contrataci\u00f3n online mediante los mecanismos expuestos.<\/p><p>La relaci\u00f3n contractual de compraventa conlleva la entrega, a cambio de un precio determinado y p\u00fablicamente expuesto a trav\u00e9s del sitio web, de uno o varios productos concretos.<\/p><p>Cada producto podr\u00e1 regularse con las condiciones de contrataci\u00f3n de cada uno, de las que se detallar\u00e1 en el apartado de garant\u00eda, devoluciones, desistimiento, o en la ficha t\u00e9cnica del producto, por los diferentes formatos en que se comercializan los productos, a sus embalajes o su naturaleza.<\/p><p><strong>9\u00ba.- Registro de Usuarios:<\/strong><\/p><p>El Usuario podr\u00e1 registrarse en la web al realizar el pedido. Para lo cual, introducir\u00e1 los datos personales requeridos como obligatorios que ser\u00e1n: nombre y apellidos, direcci\u00f3n, tel\u00e9fono y correo electr\u00f3nico.<\/p><p><strong>10\u00ba.- \u00c1mbito geogr\u00e1fico:<\/strong><\/p><p>Este sitio web opera y vende s\u00f3lo en la provincia de Sevilla. En adelante, se entender\u00e1 este \u00e1mbito geogr\u00e1fico como \u201cel Territorio\u201d. Por lo tanto, \u00fanicamente se realizan env\u00edos y distribuyen los productos en el Territorio. La utilizaci\u00f3n de esta web, as\u00ed como cualquier compra realizada en el mismo se considera efectuada en Espa\u00f1a, y por tanto sujeta a las leyes y normas espa\u00f1olas vigentes. El Prestador no acepta ni entrega pedidos fuera del Territorio mencionado.<\/p><p>Todo lo anterior se indica sin perjuicio de que pr\u00f3ximamente podamos ofrecer estos servicios en los \u00e1mbitos excluidos, en cuyo caso se anunciar\u00e1 con antelaci\u00f3n en esta web.<\/p><p><strong>11\u00ba.- Informaci\u00f3n de Productos:<\/strong><\/p><p>El Prestador pone gran atenci\u00f3n a la informaci\u00f3n relativa a las caracter\u00edsticas de los productos mediante descripciones y fotograf\u00edas que los ilustran.<\/p><p><strong>12\u00ba.- Impuestos, moneda y gastos de env\u00edo:<\/strong><\/p><p>De conformidad con la normativa vigente, toda compra efectuada a trav\u00e9s del sitio web estar\u00e1 sujeta a Impuesto sobre el Valor A\u00f1adido (IVA).<\/p><p>Los productos ofertados incluyen el Impuesto sobre el Valor A\u00f1adido (IVA) y en todo caso se expresar\u00e1n en la moneda euro (\u20ac). Dichos precios, salvo que se indique expresamente lo contrario, no incluyen los gastos de env\u00edo o cualesquiera otros servicios adicionales y anexos al producto adquirido.<\/p><p><strong>13\u00ba.- Lengua en el que se desarrolla el contrato:<\/strong><\/p><p>El procedimiento de contrataci\u00f3n y la informaci\u00f3n precontractual est\u00e1n en castellano y este idioma ser\u00e1 el utilizado para llevar a cabo la contrataci\u00f3n.<\/p><p><strong>14\u00ba.- Pasos del Proceso de Contrataci\u00f3n \/ Compra:<\/strong><\/p><p><strong><em>14\u00ba.1.- Registro:<\/em><\/strong> Para poder iniciar el proceso de contrataci\u00f3n de productos en <a href=\"http:\/\/www.spiga.es\/\">www.spiga.es<\/a>, primero es necesario registrarse como usuario en el momento de la realizaci\u00f3n del pedido y rellenar los datos obligatorios que se solicitan en la p\u00e1gina que aparecer\u00e1 a continuaci\u00f3n.<\/p><p>Una vez registrado correctamente, el usuario podr\u00e1 entrar con su usuario y clave al panel de control de su perfil para gestionar las funciones que el prestador de la p\u00e1gina ha puesto a su disposici\u00f3n, como consultar sus datos personales, direcciones, descargas y ver la informaci\u00f3n de los pedidos realizados.<\/p><p>Con el registro, podr\u00e1 comprar su(s) producto(s).<\/p><p><strong><em>14\u00ba.2.- Proceso de compra:<\/em><\/strong> El proceso de compra es f\u00e1cil y sencillo. La carta se abre autom\u00e1ticamente todos los viernes de 10:00 horas al domingo a las 18:00 horas que se cierra. Los encargos realizados en ese periodo se entregar\u00e1n entre el mi\u00e9rcoles o jueves de la semana siguiente.<\/p><ul><li>Para ver la carta, selecciona donde le gustar\u00eda recoger el pedido<\/li><li>Selecciona los productos que deseas (m\u00ednimo dos piezas por pedido)<\/li><li>Click a \u201cIr al carrito\u201d<\/li><li>Confirma si desea el pedido en un punto de recogida concreto o desea a domicilio.<\/li><li>Si es la primera vez, tendr\u00e1 que facilitar todos los datos para proceder con el registro.<\/li><li>Finalizar compra<\/li><li>Revisi\u00f3n del pedido y pago mediante tarjeta<\/li><li>Una vez finalizado el pago, recibir\u00e1 un mail confirmando la recepci\u00f3n del pedido.<\/li><li>El d\u00eda de la entrega, recibir\u00e1 otro mail indicando que puede pasar a recoger su pedido y que tiene disponible en su panel de usuario la factura.<\/li><\/ul><p><strong>15\u00ba.- Disponibilidad del producto:<\/strong><\/p><p>Los productos siempre se encuentran disponibles.<\/p><p><strong>16\u00ba.- Tipos de productos:<\/strong><\/p><p>La p\u00e1gina web tiene una gran diversidad de productos de panader\u00eda y boller\u00eda.<\/p><p><strong>17\u00ba.- Importe m\u00e1ximo de pedido. Pedido m\u00ednimo:<\/strong><\/p><p>No existe un pedido m\u00e1ximo. El pedido m\u00ednimo son dos piezas.<\/p><p><strong>18\u00ba.- Como ampliar o Cancelar mi pedido:<\/strong><\/p><p>No se podr\u00e1 ampliar un pedido en curso.<\/p><p>Al tratarse de productos alimenticios, no se admiten devoluciones ni cancelaciones del pedido.<\/p><p><strong>19\u00ba.- Env\u00edo a domicilio y puntos de recogida:<\/strong><\/p><p>Las entregas a domicilio se realizar\u00e1n la tarde del mi\u00e9rcoles. El coste del env\u00edo es de 5\u20ac (IVA incluido). Para miembros registrados (Spiguers), el precio del env\u00edo son 3\u20ac (IVA incluido). El reparto a domicilio por ahora solo contemplamos dentro del casco urbano de la ciudad de Utrera. En caso de residir en una pedan\u00eda o una urbanizaci\u00f3n, tendr\u00e1 que concretar un punto de recogida dentro del casco urbano de Utrera o bien recoger en los puntos de recogida.<\/p><ul><li>Los puntos de recogida:<ul><li>Los mi\u00e9rcoles se entregan los encargos en Bulevar Specialty Coffee, en Paseo Maestro Juan Guerrero, 4. En horario de 17:00 a 20:00 horas. Este establecimiento, cierra por descanso los jueves, con lo que s\u00ed, no pasa a recoger su pedido, hasta el viernes no podr\u00e1 obtenerlo.<\/li><li>Los jueves, disponemos de dos puntos de recogida. La trastienda de casa fuentes, en Pasaje de tanio con horario de recogida de 18:00 a 22:00 horas. Y Bendita Gula en calle Do\u00f1a Marcela, 2 \u2013 Local 2, con horario 17:30 a 20:00 horas.<\/li><\/ul><\/li><\/ul><p><strong><em>Nota: No nos hacemos responsables si no ha ido a recoger su pedido dentro del horario establecido. <\/em><\/strong><\/p><p><strong>20\u00ba.- El plazo de entrega:<\/strong><\/p><p>Todos los productos ofertados se hornean el mismo d\u00eda de la entrega.<\/p><p><strong>21\u00ba.- Factura:<\/strong><\/p><p>La factura se puede consultar y descargar en el panel de control del usuario.<\/p><p><strong>22\u00ba.- Impuesto sobre el valor a\u00f1adido:<\/strong><\/p><p>De conformidad con la normativa vigente, toda compra efectuada a trav\u00e9s del sitio web de <strong>Spiga Micropanader\u00eda<\/strong> estar\u00e1 sujeta a Impuesto sobre el Valor A\u00f1adido (IVA).<\/p><p><strong>23\u00ba.- M\u00e9todos o Modalidades de pago:<\/strong><\/p><p>Con car\u00e1cter general, el Usuario podr\u00e1 pagar \u00fanicamente mediante tarjeta de cr\u00e9dito\/d\u00e9bito, para lo que facilitar\u00e1, entre otros: nombre y apellidos; n\u00famero de tarjeta; CVV\/CVC; fecha de caducidad de la tarjeta; NO EST\u00c1 ADMITIDO EL CONTRARREEMBOLSO.<\/p><p>Los datos de tu tarjeta no se guardar\u00e1n en nuestra base de datos, ya que cuando se rellenan ser\u00e1n en la web segura de la entidad bancaria elegida.<\/p><p><strong>24\u00ba.- Disposiciones generales sobre el proceso de pago:<\/strong><\/p><p>La orden de pago dada por el Usuario implica necesariamente la adhesi\u00f3n a estas Condiciones Generales, as\u00ed como de las condiciones particulares del pedido. Para cualquier forma de pago escogida por el Usuario, todos los pagos estar\u00e1n sujetos a los t\u00e9rminos y condiciones aplicables al Usuario por las entidades financieras intervinientes o por las plataformas de pago de forma segura (p.e. Visa, Mastercard, etc.). Una vez efectuado correctamente el pago, el Usuario recibir\u00e1 un correo electr\u00f3nico de confirmaci\u00f3n.<\/p><p><strong>25\u00ba.- Devoluciones de productos defectuosos, da\u00f1ados o incorrectos o ejerciendo el derecho de Desistimiento:<\/strong><\/p><p>Al tratarse de productos alimenticios de <strong>Spiga Micropanader\u00eda<\/strong> no se podr\u00e1 proceder a su devoluci\u00f3n.<\/p><p><strong>26\u00ba.- Excepciones al derecho de desistimiento:<\/strong><\/p><p>El derecho de desistimiento no aplica a la entrega de productos que puedan ver alterada su naturaleza.<\/p><p><strong>27\u00ba.- Atenci\u00f3n al cliente:<\/strong><\/p><p>Ayuda, Sugerencias y Reclamaciones En cualquier momento, se puede poner en contacto con nuestro Servicio de Atenci\u00f3n al Cliente de <strong>Spiga Micropanader\u00eda<\/strong> para pedir ayuda, poner sugerencias o reclamaciones escribiendo a <a href=\"mailto:info@spiga.es\">info@spiga.es<\/a>, o bien llamando al <strong>613 06 83 46<\/strong> de lunes a jueves en horario de 10 a 14 horas.<\/p><p><strong>28\u00ba.- Garant\u00eda de los productos:<\/strong><\/p><p>Al tratarse de productos alimenticios de <strong>Spiga Micropanader\u00eda<\/strong>, no existe garant\u00eda.<\/p><p><strong>29\u00ba.- Derechos del Prestador:<\/strong><\/p><ul><li>Conservar, modificar o suspender su web sin previo aviso.<\/li><li>Modificar el precio de las ofertas.<\/li><li>Rechazar pedidos por falta de existencias o impago del cliente.<\/li><li>Rechazar el acceso a las herramientas inform\u00e1ticas a clientes en caso de incumplimiento de estas condiciones.<\/li><li>Percibir el importe de las compras del cliente, aceptada la transacci\u00f3n.<\/li><li>Reservarse el dominio y conservar la plena propiedad del art\u00edculo hasta el \u00edntegro pago por parte del cliente.<\/li><li>No reproducir, enajenar o disponer de la informaci\u00f3n publicada por <strong>Spiga Micropanader\u00eda<\/strong> en todos sus contenidos sin permiso expreso de la propia compa\u00f1\u00eda. Proceder a corregir o enmendar errores humanos o inform\u00e1ticos.<\/li><\/ul><p><strong>30\u00ba.- Limitaci\u00f3n de responsabilidad:<\/strong><\/p><p>Toda la informaci\u00f3n facilitada por el Usuario a <strong>Spiga Micropanader\u00eda<\/strong> y a trav\u00e9s de los formularios correspondientes deber\u00e1 ser veraz. Es responsabilidad del Usuario mantener los datos suministrados a <strong>Spiga Micropanader\u00eda<\/strong>, debidamente actualizados. En todo caso, <strong>Spiga Micropanader\u00eda<\/strong> se exime de cualquier responsabilidad por da\u00f1os o perjuicios ocasionados como consecuencia de haber facilitado informaci\u00f3n falsa, insuficiente, inexacta o incorrecta.<\/p><p>El acceso al sitio web no implica obligaci\u00f3n alguna por parte de <strong>Spiga Micropanader\u00eda<\/strong> de verificar la autenticidad, idoneidad, exhaustividad, exactitud, adecuaci\u00f3n y actualizaci\u00f3n de la informaci\u00f3n suministrada por el Usuario a trav\u00e9s de los correspondientes formularios.<\/p><p><strong>Spiga Micropanader\u00eda<\/strong> no ser\u00e1 responsable en aquellos supuestos en los que corresponda a los padres, tutores o representantes legales de los Usuarios menores de edad o incapacitados, autorizar el acceso, suministro de informaci\u00f3n personal o utilizaci\u00f3n del sitio web o la contrataci\u00f3n de cualesquiera productos o servicios proporcionados a trav\u00e9s de las aplicaciones o plataforma web. Ser\u00e1 responsabilidad de los mencionados padres, tutores o representantes legales supervisar el acceso y uso del menor o incapacitado a la contrataci\u00f3n de los productos y servicios proporcionados a trav\u00e9s de <a href=\"http:\/\/www.spiga.es\/\">WWW.SPIGA.ES<\/a>.<\/p><p>El acceso de los Usuarios a los Contenidos no implica obligaci\u00f3n alguna por parte de <strong>Spiga Micropanader\u00eda<\/strong> de controlar la ausencia de virus o elementos inform\u00e1ticos que puedan tener alg\u00fan efecto da\u00f1ino en el equipo inform\u00e1tico del Usuario. En todo caso, corresponder\u00e1 al Usuario disponer de las herramientas necesarias para detectar dichos virus o elementos inform\u00e1ticos de car\u00e1cter da\u00f1ino. En consecuencia, <strong>Spiga Micropanader\u00eda<\/strong> no ser\u00e1 responsable de los posibles da\u00f1os ocasionados en los equipos inform\u00e1ticos de los Usuarios o de terceros durante el acceso a los Contenidos.<\/p><p><strong>Spiga Micropanader\u00eda<\/strong> no responder\u00e1 por las interrupciones que se produzcan en los servicios el\u00e9ctricos o de telecomunicaciones que impidan a los usuarios utilizar los servicios ofrecidos.<\/p><p><strong>31\u00ba.- Ley aplicable y Jurisdicci\u00f3n:<\/strong><\/p><p>Estas condiciones se regir\u00e1n o interpretar\u00e1n conforme a la legislaci\u00f3n espa\u00f1ola en aquello que no est\u00e9 expresamente establecido. <strong>Spiga Micropanader\u00eda<\/strong> y el usuario, acuerdan someter cualquier controversia que pudiera suscitarse de la prestaci\u00f3n de los productos o servicios objeto de estas condiciones, a los Juzgados y Tribunales del domicilio de la empresa.<\/p><p>En el caso de que el usuario tenga su domicilio fuera de Espa\u00f1a, <strong>Spiga Micropanader\u00eda<\/strong> y el usuario, renuncian expresamente a cualquier otro foro, someti\u00e9ndose a los Juzgados y Tribunales del domicilio de <strong>EL PROPIETARIO DE LA WEB<\/strong>.<\/p><p><strong>32\u00ba.- Plataforma de resoluci\u00f3n de litigios en l\u00ednea para consumidores y comerciantes:<\/strong><\/p><p>La Comisi\u00f3n Europea ha puesto en marcha una plataforma para ayudar a los consumidores y a los comerciantes a resolver litigios relativos a compras hechas en Internet.<\/p><p>Direcci\u00f3n a la plataforma:<\/p><p><a href=\"https:\/\/webgate.ec.europa.eu\/odr\/main\/index.cfm?event=main.home.show&amp;lng=ES\" target=\"_blank\" rel=\"noopener\">https:\/\/webgate.ec.europa.eu\/odr\/main\/index.cfm?event=main.home.show&amp;lng=ES<\/a><\/p><p>\u00a0<\/p>\t\t\t\t\t\t\t\t<\/div>\n\t\t\t\t\t<\/div>\n\t\t\t\t<\/div>\n\t\t\t\t<\/div>\n\t\t","protected":false},"excerpt":{"rendered":"<p>1\u00ba.- Marco Legal: En cumplimiento de la normativa vigente, la entidad Mar\u00eda Teresa Garc\u00eda Ram\u00edrez, que opera a trav\u00e9s de internet desde el presente sitio web WWW.SPIGA.ES, se detallan a continuaci\u00f3n las condiciones generales de contrataci\u00f3n de los productos y\/o servicios ofertados a trav\u00e9s del mismo y de los que se generan los derechos y [&hellip;]<\/p>\n","protected":false},"author":1,"featured_media":0,"parent":0,"menu_order":0,"comment_status":"closed","ping_status":"closed","template":"","meta":{"footnotes":""},"class_list":["post-281","page","type-page","status-publish","hentry"],"blocksy_meta":[],"jetpack_sharing_enabled":true,"_links":{"self":[{"href":"https:\/\/www.spiga.es\/index.php\/wp-json\/wp\/v2\/pages\/281","targetHints":{"allow":["GET"]}}],"collection":[{"href":"https:\/\/www.spiga.es\/index.php\/wp-json\/wp\/v2\/pages"}],"about":[{"href":"https:\/\/www.spiga.es\/index.php\/wp-json\/wp\/v2\/types\/page"}],"author":[{"embeddable":true,"href":"https:\/\/www.spiga.es\/index.php\/wp-json\/wp\/v2\/users\/1"}],"replies":[{"embeddable":true,"href":"https:\/\/www.spiga.es\/index.php\/wp-json\/wp\/v2\/comments?post=281"}],"version-history":[{"count":0,"href":"https:\/\/www.spiga.es\/index.php\/wp-json\/wp\/v2\/pages\/281\/revisions"}],"wp:attachment":[{"href":"https:\/\/www.spiga.es\/index.php\/wp-json\/wp\/v2\/media?parent=281"}],"curies":[{"name":"wp","href":"https:\/\/api.w.org\/{rel}","templated":true}]}}