{"id":286,"date":"2025-11-06T12:47:54","date_gmt":"2025-11-06T12:47:54","guid":{"rendered":"http:\/\/oeyrwen.cluster121.hosting.ovh.net\/?page_id=286"},"modified":"2025-11-06T12:48:42","modified_gmt":"2025-11-06T12:48:42","slug":"politicas-de-cookies","status":"publish","type":"page","link":"https:\/\/www.spiga.es\/index.php\/politicas-de-cookies\/","title":{"rendered":"Pol\u00edticas de cookies"},"content":{"rendered":"\t\t<div data-elementor-type=\"wp-page\" data-elementor-id=\"286\" class=\"elementor elementor-286\">\n\t\t\t\t<div class=\"elementor-element elementor-element-d4da67d e-flex e-con-boxed e-con e-parent\" data-id=\"d4da67d\" data-element_type=\"container\">\n\t\t\t\t\t<div class=\"e-con-inner\">\n\t\t\t\t<div class=\"elementor-element elementor-element-04e3204 elementor-widget elementor-widget-text-editor\" data-id=\"04e3204\" data-element_type=\"widget\" data-widget_type=\"text-editor.default\">\n\t\t\t\t\t\t\t\t\t<p><strong>Uso de Cookies en <\/strong><a href=\"http:\/\/www.spiga.es\/\">www.spiga.es<\/a><\/p><p>En SPIGA MICROPANADER\u00cdA, situada en Barriada Cronista Manuel Morales, Bloque 4 &#8211; 2\u00ba Derecha, 41710, Utrera (Sevilla), valoramos tu experiencia en nuestro sitio web, por lo que utilizamos cookies propias y de terceros para optimizar la navegaci\u00f3n, permitir la compartici\u00f3n en redes sociales y realizar an\u00e1lisis estad\u00edsticos de nuestros usuarios.<\/p><p>Puedes controlar la instalaci\u00f3n de cookies mediante la configuraci\u00f3n de tu navegador, impidiendo as\u00ed que se almacenen en tu dispositivo.<\/p><p>Queremos asegurarte de que en <a href=\"http:\/\/www.spiga.es\/\">www.spiga.es<\/a> no se utiliza ninguna informaci\u00f3n personal obtenida de cookies, limit\u00e1ndonos a realizar an\u00e1lisis estad\u00edsticos generales sin incluir datos personales.<\/p><p>Es crucial que leas esta pol\u00edtica de cookies y entiendas que, si decides seguir navegando en nuestro sitio, estar\u00e1s aceptando su uso. Seg\u00fan lo estipulado en el art\u00edculo 22.2 de la Ley 34\/2002 de Servicios de la Sociedad de la Informaci\u00f3n y Comercio Electr\u00f3nico, tu navegaci\u00f3n implica el consentimiento para el uso de estas tecnolog\u00edas.<\/p><p><strong>Responsable de las Cookies<\/strong><\/p><p>El responsable de la recopilaci\u00f3n y tratamiento de tus datos personales en relaci\u00f3n con las cookies es Mar\u00eda Teresa Garc\u00eda Ram\u00edrez, DNI 47165112R, propietaria de SPIGA MICROPANADER\u00cdA, con direcci\u00f3n en la Barriada Cronista Manuel Morales, Bloque 4 &#8211; 2\u00ba Derecha, 41710, Utrera (Sevilla) y contacto a trav\u00e9s de <a href=\"mailto:info@spiga.es\">info@spiga.es<\/a>.<\/p><p><strong>Qu\u00e9 son y Tipos de Cookies<\/strong><\/p><p>Las cookies son peque\u00f1os archivos de texto que se almacenan en tu dispositivo para recopilar informaci\u00f3n est\u00e1ndar de Internet y datos sobre tus h\u00e1bitos de navegaci\u00f3n. Las utilizamos para que nuestro sitio web funcione de manera m\u00e1s eficiente y para analizar el comportamiento de nuestros usuarios.<\/p><p>Existen diferentes tipos de cookies:<\/p><ul><li><strong>Cookies Propias<\/strong>: enviadas desde nuestro propio dominio para prestar el servicio que solicitas.<\/li><li><strong>Cookies de Terceros<\/strong>: enviadas desde un dominio que no gestionamos directamente.<\/li><\/ul><p>Adem\u00e1s, las cookies pueden ser de sesi\u00f3n o persistentes, seg\u00fan el tiempo que permanecen activas, y t\u00e9cnicas, de personalizaci\u00f3n, de an\u00e1lisis, publicitarias, de publicidad comportamental o de redes sociales externas, seg\u00fan su finalidad.<\/p><p><strong>Gesti\u00f3n de Cookies en tu Navegador<\/strong><\/p><p>Puedes ajustar la configuraci\u00f3n de tu navegador para controlar las cookies. Aqu\u00ed te proporcionamos enlaces con informaci\u00f3n para la gesti\u00f3n de cookies en los navegadores m\u00e1s populares:<\/p><ul><li><a href=\"https:\/\/support.google.com\/chrome\/answer\/95647?hl=es\" target=\"_blank\" rel=\"noopener\">Google Chrome<\/a><\/li><li><a href=\"http:\/\/windows.microsoft.com\/es-es\/windows-vista\/cookies-frequently-asked-questions\" target=\"_blank\" rel=\"noopener\">Internet Explorer<\/a><\/li><li><a href=\"http:\/\/support.mozilla.org\/es\/kb\/habilitar-y-deshabilitar-cookies-que-los-sitios-we\" target=\"_blank\" rel=\"noopener\">Mozilla Firefox<\/a><\/li><li><a href=\"http:\/\/www.apple.com\/es\/privacy\/use-of-cookies\/\" target=\"_blank\" rel=\"noopener\">Safari<\/a><\/li><li><a href=\"http:\/\/help.opera.com\/Windows\/11.50\/es-ES\/cookies.html\" target=\"_blank\" rel=\"noopener\">Opera<\/a><\/li><\/ul><p>Para optar por no ser rastreado por Google Analytics, visita <a href=\"http:\/\/tools.google.com\/dlpage\/gaoptout\" target=\"_blank\" rel=\"noopener\">http:\/\/tools.google.com\/dlpage\/gaoptout<\/a>.<\/p><p><strong>M\u00e1s Informaci\u00f3n sobre Cookies<\/strong><\/p><p>Para aprender m\u00e1s sobre la publicidad online basada en el comportamiento y la privacidad online, visita <a href=\"http:\/\/www.youronlinechoices.com\/es\/\" target=\"_blank\" rel=\"noopener\">http:\/\/www.youronlinechoices.com\/es\/<\/a>.<\/p><p><strong>Actualizaciones de la Pol\u00edtica de Cookies<\/strong><\/p><p>Nuestra Pol\u00edtica de Cookies puede cambiar para cumplir con las leyes o para reflejar mejor nuestras pr\u00e1cticas. Te recomendamos visitar esta secci\u00f3n regularmente. Los cambios significativos ser\u00e1n comunicados a trav\u00e9s de nuestra web o por correo electr\u00f3nico a usuarios registrados.<\/p>\t\t\t\t\t\t\t\t<\/div>\n\t\t\t\t\t<\/div>\n\t\t\t\t<\/div>\n\t\t\t\t<\/div>\n\t\t","protected":false},"excerpt":{"rendered":"<p>Uso de Cookies en www.spiga.es En SPIGA MICROPANADER\u00cdA, situada en Barriada Cronista Manuel Morales, Bloque 4 &#8211; 2\u00ba Derecha, 41710, Utrera (Sevilla), valoramos tu experiencia en nuestro sitio web, por lo que utilizamos cookies propias y de terceros para optimizar la navegaci\u00f3n, permitir la compartici\u00f3n en redes sociales y realizar an\u00e1lisis estad\u00edsticos de nuestros usuarios. [&hellip;]<\/p>\n","protected":false},"author":1,"featured_media":0,"parent":0,"menu_order":0,"comment_status":"closed","ping_status":"closed","template":"","meta":{"footnotes":""},"class_list":["post-286","page","type-page","status-publish","hentry"],"blocksy_meta":[],"jetpack_sharing_enabled":true,"_links":{"self":[{"href":"https:\/\/www.spiga.es\/index.php\/wp-json\/wp\/v2\/pages\/286","targetHints":{"allow":["GET"]}}],"collection":[{"href":"https:\/\/www.spiga.es\/index.php\/wp-json\/wp\/v2\/pages"}],"about":[{"href":"https:\/\/www.spiga.es\/index.php\/wp-json\/wp\/v2\/types\/page"}],"author":[{"embeddable":true,"href":"https:\/\/www.spiga.es\/index.php\/wp-json\/wp\/v2\/users\/1"}],"replies":[{"embeddable":true,"href":"https:\/\/www.spiga.es\/index.php\/wp-json\/wp\/v2\/comments?post=286"}],"version-history":[{"count":0,"href":"https:\/\/www.spiga.es\/index.php\/wp-json\/wp\/v2\/pages\/286\/revisions"}],"wp:attachment":[{"href":"https:\/\/www.spiga.es\/index.php\/wp-json\/wp\/v2\/media?parent=286"}],"curies":[{"name":"wp","href":"https:\/\/api.w.org\/{rel}","templated":true}]}}