{"id":236,"date":"2025-11-06T12:03:35","date_gmt":"2025-11-06T12:03:35","guid":{"rendered":"http:\/\/oeyrwen.cluster121.hosting.ovh.net\/?post_type=product&#038;p=236"},"modified":"2026-04-22T17:25:48","modified_gmt":"2026-04-22T17:25:48","slug":"escana-andaluza-formato-molde-trigo-antiguo-800-gr-aprox","status":"publish","type":"product","link":"https:\/\/www.spiga.es\/index.php\/producto\/escana-andaluza-formato-molde-trigo-antiguo-800-gr-aprox\/","title":{"rendered":"Esca\u00f1a andaluza FORMATO MOLDE &#8211; TRIGO ANTIGUO &#8211; (800 gr. aprox.)"},"content":{"rendered":"<p><em><strong>Harina de Esca\u00f1a<\/strong><\/em> ecol\u00f3gica, harina de fuerza ecol\u00f3gica, sal, agua y <em><strong>Masa madre<\/strong><\/em>. Cultivados en la Serran\u00eda de Ronda, la misi\u00f3n de estos agricultores es <strong>recuperar<\/strong> la riqueza agr\u00edcola, rescatando y poniendo en valor los\u00a0<strong>antiguos modos de agricultura. <\/strong><em>+ info: https:\/\/harinasderonda.com\/<\/em> \u00a0\u00a0<span style=\"color: #333399;\"><em><strong>AL\u00c9RGENOS: Gluten<\/strong><\/em><\/span><\/p>\n<p>&nbsp;<\/p>\n","protected":false},"excerpt":{"rendered":"<p>Harina de Esca\u00f1a ecol\u00f3gica, harina de fuerza ecol\u00f3gica, sal, agua y Masa madre. Cultivados en la Serran\u00eda de Ronda, la misi\u00f3n de estos agricultores es recuperar la riqueza agr\u00edcola, rescatando y poniendo en valor los\u00a0antiguos modos de agricultura. + info: https:\/\/harinasderonda.com\/ \u00a0\u00a0AL\u00c9RGENOS: Gluten &nbsp;<\/p>\n","protected":false},"featured_media":5303,"template":"","meta":[],"product_brand":[],"product_cat":[16],"product_tag":[20,17,18],"class_list":{"0":"post-236","1":"product","2":"type-product","3":"status-publish","4":"has-post-thumbnail","6":"product_cat-miercoles","7":"product_tag-importante","8":"product_tag-miercoles","9":"product_tag-pan","10":"product_shipping_class-miercoles","12":"first","13":"instock","14":"taxable","15":"shipping-taxable","16":"purchasable","17":"product-type-simple"},"jetpack_sharing_enabled":true,"_links":{"self":[{"href":"https:\/\/www.spiga.es\/index.php\/wp-json\/wp\/v2\/product\/236","targetHints":{"allow":["GET"]}}],"collection":[{"href":"https:\/\/www.spiga.es\/index.php\/wp-json\/wp\/v2\/product"}],"about":[{"href":"https:\/\/www.spiga.es\/index.php\/wp-json\/wp\/v2\/types\/product"}],"wp:featuredmedia":[{"embeddable":true,"href":"https:\/\/www.spiga.es\/index.php\/wp-json\/wp\/v2\/media\/5303"}],"wp:attachment":[{"href":"https:\/\/www.spiga.es\/index.php\/wp-json\/wp\/v2\/media?parent=236"}],"wp:term":[{"taxonomy":"product_brand","embeddable":true,"href":"https:\/\/www.spiga.es\/index.php\/wp-json\/wp\/v2\/product_brand?post=236"},{"taxonomy":"product_cat","embeddable":true,"href":"https:\/\/www.spiga.es\/index.php\/wp-json\/wp\/v2\/product_cat?post=236"},{"taxonomy":"product_tag","embeddable":true,"href":"https:\/\/www.spiga.es\/index.php\/wp-json\/wp\/v2\/product_tag?post=236"}],"curies":[{"name":"wp","href":"https:\/\/api.w.org\/{rel}","templated":true}]}}